{"id":201,"date":"2019-01-11T09:16:22","date_gmt":"2019-01-11T12:16:22","guid":{"rendered":"http:\/\/www.chiachiogiannone.com\/?page_id=201"},"modified":"2021-07-05T16:40:37","modified_gmt":"2021-07-05T19:40:37","slug":"cv","status":"publish","type":"page","link":"https:\/\/www.chiachiogiannone.com\/Web\/cv\/","title":{"rendered":"CV"},"content":{"rendered":"[vc_row][vc_column]<div class=\"vcex-spacing wpex-w-100 wpex-clear\" style=\"height:10px\"><\/div>[\/vc_column][\/vc_row][vc_row][vc_column width=&#8221;1\/3&#8243;]<h1 class=\"vcex-heading vcex-module wpex-text-2xl wpex-font-normal wpex-m-auto wpex-max-w-100 vcex-heading-plain wpex-h1 wpex-block\" style=\"color:#94908f;font-size:42px;\"><span class=\"vcex-heading-inner wpex-inline-block wpex-clr\">ES<\/span><\/h1><div class=\"vcex-spacing wpex-w-100 wpex-clear\" style=\"height:30px\"><\/div>[vc_column_text]Leo Chiachio nace en Buenos Aires, Argentina 1969 y Daniel Giannone en C\u00f3rdoba, Argentina 1964.\u00a0 Viven y trabajan juntos en Buenos Aires desde el a\u00f1o 2003.<\/p>\n<h4>Educaci\u00f3n<\/h4>\n<p>Leo estudio en la Escuela Nacional de Bellas Artes \u201cPrilidiano Pueyrred\u00f3n\u201d y en la Escuela Superior de Bellas Artes \u201cErnesto de La C\u00e1rcova\u201d y con los profesores: \u00a0Pablo Suarez, Tulio de Zagastizabal, Ahuva\u00a0 Szlimowicz y Graciela Canero.<br \/>\nDaniel estudio con los profesores \u00a0Sergio Baz\u00e1n, Teresa Lascano, Graciela Canero y Constanza Martinez.[\/vc_column_text]<div class=\"vcex-spacing wpex-w-100 wpex-clear\" style=\"height:30px\"><\/div>[vc_column_text]<strong><a href=\"http:\/\/www.chiachiogiannone.com\/Web\/cv-espanol\/\">Ver CV completo\u00a0&gt;&gt;<\/a><\/strong>[\/vc_column_text][\/vc_column][vc_column width=&#8221;1\/3&#8243;]<h1 class=\"vcex-heading vcex-module wpex-text-2xl wpex-font-normal wpex-m-auto wpex-max-w-100 vcex-heading-plain wpex-h1 wpex-block\" style=\"color:#94908f;font-size:42px;\"><span class=\"vcex-heading-inner wpex-inline-block wpex-clr\">EN<\/span><\/h1><div class=\"vcex-spacing wpex-w-100 wpex-clear\" style=\"height:30px\"><\/div>[vc_column_text]Leo was born in Buenos Aires, Argentina 1969 and Daniel in Cordoba, Argentina 1964. They live and work together in Buenos Aires since 2003.<\/p>\n<h4 class=\"titulo\">Education<\/h4>\n<p>Leo studied at the National Fine Arts School Prilidiano Pueyrred\u00f3n and the Superior School of Fine Arts\u00a0 Ernesto de La Carcova with professors; Pablo Suarez, Tulio de Sagastizabal, Ahuva Szlimowicz and Graciela Canero. Daniel studied with professors Sergio Baz\u00e1n, Teresa Lascano and Graciela Canero.[\/vc_column_text]<div class=\"vcex-spacing wpex-w-100 wpex-clear\" style=\"height:30px\"><\/div>[vc_column_text]<strong><a href=\"http:\/\/www.chiachiogiannone.com\/Web\/cv-english\/\">See complete CV\u00a0&gt;&gt;<\/a><\/strong>[\/vc_column_text][\/vc_column][vc_column width=&#8221;1\/3&#8243;]<h1 class=\"vcex-heading vcex-module wpex-text-2xl wpex-font-normal wpex-m-auto wpex-max-w-100 vcex-heading-plain wpex-h1 wpex-block\" style=\"color:#94908f;font-size:42px;\"><span class=\"vcex-heading-inner wpex-inline-block wpex-clr\">FRA<\/span><\/h1><div class=\"vcex-spacing wpex-w-100 wpex-clear\" style=\"height:30px\"><\/div>[vc_column_text]L\u00e9o Chiachio n\u00e9 en 1969 \u00e0 Buenos-Aires, Argentine<br \/>\nDaniel Giannone n\u00e9 en 1964 \u00e0 Cordoba,\u00a0 Argentine<br \/>\nVivent et travaillent ensemble \u00e0 Buenos Aires depuis 2003<\/p>\n<h4 class=\"titulo\">Formation<\/h4>\n<p>L\u00e9o a \u00e9tudi\u00e9 \u00e0 l\u2019Ecole Nationale des Beaux Arts \u201cPrilidiano Pueyrredon\u201d ainsi qu\u2019\u00e0 l\u2019Ecole Sup\u00e9rieure des Beaux Arts \u00ab\u00a0Ernesto de La C\u00e1rcova\u00a0\u00bb avec les professeurs Pablo Suarez, Tulio de Sagastiz\u00e1bal, Ahuva\u00a0 Szlimowicz et Graciela Canero.<br \/>\nDaniel a \u00e9tudi\u00e9, quant \u00e0 lui, avec les professeurs Sergio Baz\u00e1n, Teresa Lascano y Graciela Canero.[\/vc_column_text]<div class=\"vcex-spacing wpex-w-100 wpex-clear\" style=\"height:30px\"><\/div>[vc_column_text]<strong><a href=\"http:\/\/www.chiachiogiannone.com\/Web\/cv-francais\/\">Voir le CV complet &gt;&gt;\u00a0<\/a><\/strong>[\/vc_column_text][\/vc_column][\/vc_row]\n","protected":false},"excerpt":{"rendered":"<p>[vc_row][vc_column][\/vc_column][\/vc_row][vc_row][vc_column width=&#8221;1\/3&#8243;][vc_column_text]Leo Chiachio nace en Buenos Aires, Argentina 1969 y Daniel Giannone en C\u00f3rdoba, Argentina 1964.\u00a0 Viven y trabajan juntos en Buenos Aires desde el a\u00f1o 2003. Educaci\u00f3n Leo estudio en la Escuela Nacional de Bellas Artes \u201cPrilidiano Pueyrred\u00f3n\u201d y&hellip;<\/p>\n","protected":false},"author":1,"featured_media":0,"parent":0,"menu_order":0,"comment_status":"closed","ping_status":"closed","template":"","meta":{"_FSMCFIC_featured_image_caption":"","_FSMCFIC_featured_image_nocaption":null,"_FSMCFIC_featured_image_hide":null,"footnotes":""},"class_list":["post-201","page","type-page","status-publish","hentry","entry","no-media"],"_links":{"self":[{"href":"https:\/\/www.chiachiogiannone.com\/Web\/wp-json\/wp\/v2\/pages\/201","targetHints":{"allow":["GET"]}}],"collection":[{"href":"https:\/\/www.chiachiogiannone.com\/Web\/wp-json\/wp\/v2\/pages"}],"about":[{"href":"https:\/\/www.chiachiogiannone.com\/Web\/wp-json\/wp\/v2\/types\/page"}],"author":[{"embeddable":true,"href":"https:\/\/www.chiachiogiannone.com\/Web\/wp-json\/wp\/v2\/users\/1"}],"replies":[{"embeddable":true,"href":"https:\/\/www.chiachiogiannone.com\/Web\/wp-json\/wp\/v2\/comments?post=201"}],"version-history":[{"count":16,"href":"https:\/\/www.chiachiogiannone.com\/Web\/wp-json\/wp\/v2\/pages\/201\/revisions"}],"predecessor-version":[{"id":1560,"href":"https:\/\/www.chiachiogiannone.com\/Web\/wp-json\/wp\/v2\/pages\/201\/revisions\/1560"}],"wp:attachment":[{"href":"https:\/\/www.chiachiogiannone.com\/Web\/wp-json\/wp\/v2\/media?parent=201"}],"curies":[{"name":"wp","href":"https:\/\/api.w.org\/{rel}","templated":true}]}}