{"id":1899,"date":"2024-12-19T12:27:09","date_gmt":"2024-12-19T15:27:09","guid":{"rendered":"https:\/\/www.chiachiogiannone.com\/Web\/?page_id=1899"},"modified":"2024-12-19T12:55:44","modified_gmt":"2024-12-19T15:55:44","slug":"2024-2","status":"publish","type":"page","link":"https:\/\/www.chiachiogiannone.com\/Web\/2024-2\/","title":{"rendered":"2024"},"content":{"rendered":"[vc_row][vc_column][vc_column_text]\n<p style=\"text-align: center;\"><a  href=\"http:\/\/www.chiachiogiannone.com\/Web\/wp-content\/uploads\/2024\/12\/000.jpg\" data-rel=\"lightbox-gallery-0\" data-rl_title=\"\" data-rl_caption=\"\" title=\"\"><img loading=\"lazy\" decoding=\"async\" class=\"aligncenter wp-image-1901 size-full\" src=\"http:\/\/www.chiachiogiannone.com\/Web\/wp-content\/uploads\/2024\/12\/000.jpg\" alt=\"\" width=\"658\" height=\"681\" srcset=\"https:\/\/www.chiachiogiannone.com\/Web\/wp-content\/uploads\/2024\/12\/000.jpg 658w, https:\/\/www.chiachiogiannone.com\/Web\/wp-content\/uploads\/2024\/12\/000-290x300.jpg 290w\" sizes=\"auto, (max-width: 658px) 100vw, 658px\" \/><\/a><\/p>\n[\/vc_column_text]<div class=\"vcex-spacing wpex-w-100 wpex-clear\" style=\"height:10px\"><\/div><div class=\"vcex-spacing wpex-w-100 wpex-clear\" style=\"height:10px\"><\/div><h3 class=\"vcex-heading vcex-module wpex-text-2xl wpex-font-normal wpex-m-auto wpex-max-w-100 vcex-heading-plain wpex-h3 wpex-block wpex-text-center\" style=\"color:#94908f;font-family:Montserrat;font-weight:400;\"><span class=\"vcex-heading-inner wpex-inline-block wpex-clr\">Comechiffones #5<br \/><\/span><\/h3><div class=\"vcex-spacing wpex-w-100 wpex-clear\" style=\"height:10px\"><\/div>[vc_column_text text_align=&#8221;center&#8221; color=&#8221;#6d6d6d&#8221; font_size=&#8221;d:12|tl:12|tp:12|pl:11|pp:11&#8243;]<span style=\"font-weight: 400;\">ES- Bordado a mano con hilos de algod\u00f3n, bordado punto cruz, apliqu\u00e9, patchwork, quilt y estampa por serigraf\u00eda sobre telas reutilizadas. 450 x 450 cm<br \/>\n<\/span><span style=\"font-weight: 400;\">En- Hand embroidery with cotton threads, coss stitch embroidery, apliqu\u00e9, parchwork, quilt and print by serigraphy on reused fabric. 450 x 450 cm<\/span>[\/vc_column_text][\/vc_column][\/vc_row][vc_row][vc_column][vc_column_text]\n<p style=\"text-align: center;\"><a  href=\"http:\/\/www.chiachiogiannone.com\/Web\/wp-content\/uploads\/2024\/12\/001.jpg\" data-rel=\"lightbox-gallery-0\" data-rl_title=\"\" data-rl_caption=\"\" title=\"\"><img loading=\"lazy\" decoding=\"async\" class=\"aligncenter wp-image-1902 size-full\" src=\"http:\/\/www.chiachiogiannone.com\/Web\/wp-content\/uploads\/2024\/12\/001.jpg\" alt=\"\" width=\"1000\" height=\"681\" srcset=\"https:\/\/www.chiachiogiannone.com\/Web\/wp-content\/uploads\/2024\/12\/001.jpg 1000w, https:\/\/www.chiachiogiannone.com\/Web\/wp-content\/uploads\/2024\/12\/001-300x204.jpg 300w, https:\/\/www.chiachiogiannone.com\/Web\/wp-content\/uploads\/2024\/12\/001-768x523.jpg 768w\" sizes=\"auto, (max-width: 1000px) 100vw, 1000px\" \/><\/a><\/p>\n[\/vc_column_text]<div class=\"vcex-spacing wpex-w-100 wpex-clear\" style=\"height:10px\"><\/div><div class=\"vcex-spacing wpex-w-100 wpex-clear\" style=\"height:10px\"><\/div><h3 class=\"vcex-heading vcex-module wpex-text-2xl wpex-font-normal wpex-m-auto wpex-max-w-100 vcex-heading-plain wpex-h3 wpex-block wpex-text-center\" style=\"color:#94908f;font-family:Montserrat;font-weight:400;\"><span class=\"vcex-heading-inner wpex-inline-block wpex-clr\">Comechiffones #5<br \/><\/span><\/h3><div class=\"vcex-spacing wpex-w-100 wpex-clear\" style=\"height:10px\"><\/div>[vc_column_text text_align=&#8221;center&#8221; color=&#8221;#6d6d6d&#8221; font_size=&#8221;d:12|tl:12|tp:12|pl:11|pp:11&#8243;]<span style=\"font-weight: 400;\">ES- Bordado a mano con hilos de algod\u00f3n, bordado punto cruz, apliqu\u00e9, patchwork, quilt y estampa por serigraf\u00eda sobre telas reutilizadas. 450 x 450 cm. Vista de la Instalaci\u00f3n.<br \/>\n<\/span><span style=\"font-weight: 400;\">En- Hand embroidery with cotton threads, coss stitch embroidery, apliqu\u00e9, patchwork, quilt and print by serigraphy on reused fabric. 450 x 450 cm. Installation view.<\/span>[\/vc_column_text][\/vc_column][\/vc_row][vc_row][vc_column][vc_column_text]\n<p style=\"text-align: center;\"><a  href=\"http:\/\/www.chiachiogiannone.com\/Web\/wp-content\/uploads\/2024\/12\/002.jpg\" data-rel=\"lightbox-gallery-0\" data-rl_title=\"\" data-rl_caption=\"\" title=\"\"><img loading=\"lazy\" decoding=\"async\" class=\"aligncenter wp-image-1903 size-full\" src=\"http:\/\/www.chiachiogiannone.com\/Web\/wp-content\/uploads\/2024\/12\/002.jpg\" alt=\"\" width=\"451\" height=\"681\" srcset=\"https:\/\/www.chiachiogiannone.com\/Web\/wp-content\/uploads\/2024\/12\/002.jpg 451w, https:\/\/www.chiachiogiannone.com\/Web\/wp-content\/uploads\/2024\/12\/002-199x300.jpg 199w\" sizes=\"auto, (max-width: 451px) 100vw, 451px\" \/><\/a><\/p>\n[\/vc_column_text]<div class=\"vcex-spacing wpex-w-100 wpex-clear\" style=\"height:10px\"><\/div><div class=\"vcex-spacing wpex-w-100 wpex-clear\" style=\"height:10px\"><\/div><h3 class=\"vcex-heading vcex-module wpex-text-2xl wpex-font-normal wpex-m-auto wpex-max-w-100 vcex-heading-plain wpex-h3 wpex-block wpex-text-center\" style=\"color:#94908f;font-family:Montserrat;font-weight:400;\"><span class=\"vcex-heading-inner wpex-inline-block wpex-clr\">Comechiffones #5 (detalle)<br \/><\/span><\/h3><div class=\"vcex-spacing wpex-w-100 wpex-clear\" style=\"height:10px\"><\/div>[vc_column_text text_align=&#8221;center&#8221; color=&#8221;#6d6d6d&#8221; font_size=&#8221;d:12|tl:12|tp:12|pl:11|pp:11&#8243;]<span style=\"font-weight: 400;\">ES- Bordado a mano con hilos de algod\u00f3n, bordado punto cruz, apliqu\u00e9, patchwork, quilt y estampa por serigraf\u00eda sobre telas reutilizadas. 450 x 450 cm.<br \/>\n<\/span><span style=\"font-weight: 400;\">En- Hand embroidery with cotton threads, cross stitch embroidery, apliqu\u00e9, patchwork, quilt and print by serigraphy on reused fabric. 450 x 450 cm.<\/span>[\/vc_column_text][\/vc_column][\/vc_row][vc_row][vc_column][vc_column_text]\n<p style=\"text-align: center;\"><a  href=\"http:\/\/www.chiachiogiannone.com\/Web\/wp-content\/uploads\/2024\/12\/003.jpg\" data-rel=\"lightbox-gallery-0\" data-rl_title=\"\" data-rl_caption=\"\" title=\"\"><img loading=\"lazy\" decoding=\"async\" class=\"aligncenter wp-image-1904 size-full\" src=\"http:\/\/www.chiachiogiannone.com\/Web\/wp-content\/uploads\/2024\/12\/003.jpg\" alt=\"\" width=\"454\" height=\"681\" srcset=\"https:\/\/www.chiachiogiannone.com\/Web\/wp-content\/uploads\/2024\/12\/003.jpg 454w, https:\/\/www.chiachiogiannone.com\/Web\/wp-content\/uploads\/2024\/12\/003-200x300.jpg 200w\" sizes=\"auto, (max-width: 454px) 100vw, 454px\" \/><\/a><\/p>\n[\/vc_column_text]<div class=\"vcex-spacing wpex-w-100 wpex-clear\" style=\"height:10px\"><\/div><div class=\"vcex-spacing wpex-w-100 wpex-clear\" style=\"height:10px\"><\/div><h3 class=\"vcex-heading vcex-module wpex-text-2xl wpex-font-normal wpex-m-auto wpex-max-w-100 vcex-heading-plain wpex-h3 wpex-block wpex-text-center\" style=\"color:#94908f;font-family:Montserrat;font-weight:400;\"><span class=\"vcex-heading-inner wpex-inline-block wpex-clr\">Comechiffones #5 (detalle)<br \/><\/span><\/h3><div class=\"vcex-spacing wpex-w-100 wpex-clear\" style=\"height:10px\"><\/div>[vc_column_text text_align=&#8221;center&#8221; color=&#8221;#6d6d6d&#8221; font_size=&#8221;d:12|tl:12|tp:12|pl:11|pp:11&#8243;]<span style=\"font-weight: 400;\">ES- Bordado a mano con hilos de algod\u00f3n, bordado punto cruz, apliqu\u00e9, patchwork, quilt y estampa por serigraf\u00eda sobre telas reutilizadas. 450 x 450 cm.<br \/>\n<\/span><span style=\"font-weight: 400;\">En- Hand embroidery with cotton threads, cross stitch embroidery, apliqu\u00e9, patchwork, quilt and print by serigraphy on reused fabric. 450 x 450 cm.<\/span>[\/vc_column_text][\/vc_column][\/vc_row][vc_row][vc_column][vc_column_text]\n<p style=\"text-align: center;\"><a  href=\"http:\/\/www.chiachiogiannone.com\/Web\/wp-content\/uploads\/2024\/12\/004.jpg\" data-rel=\"lightbox-gallery-0\" data-rl_title=\"\" data-rl_caption=\"\" title=\"\"><img loading=\"lazy\" decoding=\"async\" class=\"aligncenter wp-image-1905 size-full\" src=\"http:\/\/www.chiachiogiannone.com\/Web\/wp-content\/uploads\/2024\/12\/004.jpg\" alt=\"\" width=\"895\" height=\"681\" srcset=\"https:\/\/www.chiachiogiannone.com\/Web\/wp-content\/uploads\/2024\/12\/004.jpg 895w, https:\/\/www.chiachiogiannone.com\/Web\/wp-content\/uploads\/2024\/12\/004-300x228.jpg 300w, https:\/\/www.chiachiogiannone.com\/Web\/wp-content\/uploads\/2024\/12\/004-768x584.jpg 768w\" sizes=\"auto, (max-width: 895px) 100vw, 895px\" \/><\/a><\/p>\n[\/vc_column_text]<div class=\"vcex-spacing wpex-w-100 wpex-clear\" style=\"height:10px\"><\/div><div class=\"vcex-spacing wpex-w-100 wpex-clear\" style=\"height:10px\"><\/div><h3 class=\"vcex-heading vcex-module wpex-text-2xl wpex-font-normal wpex-m-auto wpex-max-w-100 vcex-heading-plain wpex-h3 wpex-block wpex-text-center\" style=\"color:#94908f;font-family:Montserrat;font-weight:400;\"><span class=\"vcex-heading-inner wpex-inline-block wpex-clr\">Sebastianos<br \/><\/span><\/h3><div class=\"vcex-spacing wpex-w-100 wpex-clear\" style=\"height:10px\"><\/div>[vc_column_text text_align=&#8221;center&#8221; color=&#8221;#6d6d6d&#8221; font_size=&#8221;d:12|tl:12|tp:12|pl:11|pp:11&#8243;]<span style=\"font-weight: 400;\">ES- Mosaico textil. Pol\u00edptico. 260 x 400 cm desplegado.<br \/>\n<\/span><span style=\"font-weight: 400;\">EN- Textile mosaic. Polyptych.260 x 400 cm displayed.<\/span>[\/vc_column_text][\/vc_column][\/vc_row]\n","protected":false},"excerpt":{"rendered":"<p>[vc_row][vc_column][vc_column_text] [\/vc_column_text][vc_column_text text_align=&#8221;center&#8221; color=&#8221;#6d6d6d&#8221; font_size=&#8221;d:12|tl:12|tp:12|pl:11|pp:11&#8243;]ES- Bordado a mano con hilos de algod\u00f3n, bordado punto cruz, apliqu\u00e9, patchwork, quilt y estampa por serigraf\u00eda sobre telas reutilizadas. 450 x 450 cm En- Hand embroidery with cotton threads, coss stitch embroidery, apliqu\u00e9, parchwork,&hellip;<\/p>\n","protected":false},"author":1,"featured_media":0,"parent":0,"menu_order":0,"comment_status":"closed","ping_status":"closed","template":"","meta":{"_FSMCFIC_featured_image_caption":"","_FSMCFIC_featured_image_nocaption":"","_FSMCFIC_featured_image_hide":"","footnotes":""},"class_list":["post-1899","page","type-page","status-publish","hentry","entry","no-media"],"_links":{"self":[{"href":"https:\/\/www.chiachiogiannone.com\/Web\/wp-json\/wp\/v2\/pages\/1899","targetHints":{"allow":["GET"]}}],"collection":[{"href":"https:\/\/www.chiachiogiannone.com\/Web\/wp-json\/wp\/v2\/pages"}],"about":[{"href":"https:\/\/www.chiachiogiannone.com\/Web\/wp-json\/wp\/v2\/types\/page"}],"author":[{"embeddable":true,"href":"https:\/\/www.chiachiogiannone.com\/Web\/wp-json\/wp\/v2\/users\/1"}],"replies":[{"embeddable":true,"href":"https:\/\/www.chiachiogiannone.com\/Web\/wp-json\/wp\/v2\/comments?post=1899"}],"version-history":[{"count":4,"href":"https:\/\/www.chiachiogiannone.com\/Web\/wp-json\/wp\/v2\/pages\/1899\/revisions"}],"predecessor-version":[{"id":1908,"href":"https:\/\/www.chiachiogiannone.com\/Web\/wp-json\/wp\/v2\/pages\/1899\/revisions\/1908"}],"wp:attachment":[{"href":"https:\/\/www.chiachiogiannone.com\/Web\/wp-json\/wp\/v2\/media?parent=1899"}],"curies":[{"name":"wp","href":"https:\/\/api.w.org\/{rel}","templated":true}]}}